{"id":3978,"date":"2024-02-08T16:43:50","date_gmt":"2024-02-08T16:43:50","guid":{"rendered":"https:\/\/regal-aluminium.ca\/recipiendaires-bourses-regal\/"},"modified":"2026-04-15T11:33:49","modified_gmt":"2026-04-15T11:33:49","slug":"scholarship-recipients","status":"publish","type":"page","link":"https:\/\/regal-aluminium.ca\/en\/scholarship-recipients\/","title":{"rendered":"Scholarship Recipients"},"content":{"rendered":"\n<div class=\"wp-block-group\"><div class=\"wp-block-group__inner-container is-layout-constrained wp-block-group-is-layout-constrained\">\n<p class=\"has-white-color has-blue-200-background-color has-text-color has-background has-link-color wp-elements-f5460caa9daf1c6d0f1594d4d2e283f5\">REGAL Student Fund<\/p>\n\n\n\n<p><strong>For 2026-2027 scholar year, ten students received financial assistance from REGAL for their participation in international conferences.<\/strong><\/p>\n\n\n\n<figure class=\"wp-block-table aligncenter is-style-regular has-small-font-size\"><table><thead><tr><th>Student<\/th><th>Conference<\/th><\/tr><\/thead><tbody><tr><td>Safouane Skainia<\/td><td>Canadian Materials Science Conference (CMSC), 4-7 May, Quebec City, Canada<\/td><\/tr><tr><td>Ramezanali Farajollahiseresty<\/td><td>Canadian Materials Science Conference (CMSC), 4-7 May, Quebec City, Canada<\/td><\/tr><tr><td>Musa Muhammed<\/td><td>Canadian Materials Science Conference (CMSC), 4-7 May, Quebec City, Canada<\/td><\/tr><tr><td>Marie Aimee Tuyizere Flora<\/td><td>Canadian Materials Science Conference (CMSC), 4-7 May, Quebec City, Canada<\/td><\/tr><tr><td>Paco L\u00e9o Alvarez<\/td><td>16th International Aluminium Conference INALCO, 10-12 June, Trondheim, Norv\u00e8ge<\/td><\/tr><tr><td>Rasoul Khajeh<\/td><td>International Materials, Applications, and Technologies (IMAT), 27 Sept.-1st Oct., Quebec City, Canada<\/td><\/tr><tr><td>Armin Beitollahi<\/td><td>ICSOBA 2026, 15-20 November, Bengaluru, Inde<\/td><\/tr><tr><td>Jeneson Medeiros de Aquino Sales<\/td><td>ICSOBA 2026, 15-20 November, Bengaluru, Inde<\/td><\/tr><tr><td>Fatemeh Khademian<\/td><td>ICSOBA 2026, 15-20 November, Bengaluru, Inde<\/td><\/tr><tr><td>Mahsa Shirazi<\/td><td>ICSOBA 2026, 15-20 November, Bengaluru, Inde<\/td><\/tr><\/tbody><\/table><\/figure>\n<\/div><\/div>\n\n\n\n<div class=\"wp-block-group\"><div class=\"wp-block-group__inner-container is-layout-constrained wp-block-group-is-layout-constrained\">\n<p class=\"has-white-color has-blue-200-background-color has-text-color has-background has-link-color wp-elements-dbaccd320189ec7b143b0f903d4d89b0\">Communication grants 2025-2026<\/p>\n\n\n\n<p>REGAL offered recognition scholarships for students who particularly excelled in their research. An amount of $5,000 was divided between the recipients. During the 2025-2026 year, several REGAL students stood out. The influence can be very diverse: having published a scientific article; giving a lecture at a school; a communication at a conference or media participation to popularize science. To be eligible, it is essential to have clearly identified the affiliation with REGAL.<\/p>\n\n\n\n<p>Here are the 15 REGAL student members who were rewarded and their contribution that made them shine! <strong>Congratulations<\/strong>!<\/p>\n\n\n\n<figure class=\"wp-block-table aligncenter\"><table class=\"has-fixed-layout\"><tbody><tr><td><strong>Student<\/strong><\/td><td><strong>REGAL Institution<\/strong><\/td><td><strong>Communication<\/strong><\/td><\/tr><tr><td><a href=\"https:\/\/regal-aluminium.ca\/membres\/abnar-behrouz\/\" target=\"_blank\" rel=\"noreferrer noopener\">Behrouz Abnar<\/a><\/td><td>UQAC<\/td><td>Articles dans <em><a href=\"https:\/\/www.researchgate.net\/publication\/395463407_Advanced_Thermal-Resistant_Aluminum_Conductor_Alloys_A_Comprehensive_Review\" target=\"_blank\" rel=\"noreferrer noopener\">International Journal of Minerals<\/a><\/em>,<em><a href=\"https:\/\/www.researchgate.net\/publication\/396242649_Effect_of_hot_deformation_parameters_on_the_performance_and_thermomechanical_behavior_of_Cu-modified_Al-Mg-Si_conductor_alloys\" target=\"_blank\" rel=\"noreferrer noopener\"> Journal of Materials Science<\/a><\/em><br>Pr\u00e9sentation au <a href=\"https:\/\/metsoc.org\/events-posts\/com-2025-lightmat-2025\/\" target=\"_blank\" rel=\"noreferrer noopener\">COM &amp; LightMAT 2025<\/a><\/td><\/tr><tr><td><a href=\"https:\/\/regal-aluminium.ca\/membres\/bouchard-perron-janick\/\" target=\"_blank\" rel=\"noreferrer noopener\">Janick Bouchard-Perron<\/a><\/td><td>UQAC<\/td><td>Actes de conf\u00e9rence de <a href=\"https:\/\/link.springer.com\/chapter\/10.1007\/978-3-032-13832-3_148?\" target=\"_blank\" rel=\"noreferrer noopener\">TMS 2026 Annual Meeting &amp; Exhibition<\/a> dans <em>Light Metals 2026<\/em><\/td><\/tr><tr><td><a href=\"https:\/\/regal-aluminium.ca\/membres\/farajollahiseresty-ramezanali\/\" target=\"_blank\" rel=\"noreferrer noopener\">Ramezanali Farajollahiseresty<\/a><\/td><td>UQAC<\/td><td>Article dans <em><a href=\"https:\/\/www.sciencedirect.com\/science\/article\/pii\/S0925838825071907\" target=\"_blank\" rel=\"noreferrer noopener\">Journal of Alloys and Compounds<\/a><\/em><br>Best Student Poster Award (Advanced Materials<br>Integration), <a href=\"https:\/\/metsoc.org\/events-posts\/com-2025-lightmat-2025\/\" target=\"_blank\" rel=\"noreferrer noopener\">COM &amp; LightMAT 2025<\/a><\/td><\/tr><tr><td><a href=\"https:\/\/regal-aluminium.ca\/membres\/gashtiazar-samaneh\/\" target=\"_blank\" rel=\"noreferrer noopener\">Samaneh Gashtiazar<\/a><\/td><td>UQAC<\/td><td>Articles dans <em><a href=\"https:\/\/www.researchgate.net\/publication\/395463407_Advanced_Thermal-Resistant_Aluminum_Conductor_Alloys_A_Comprehensive_Review\" target=\"_blank\" rel=\"noreferrer noopener\">International Journal of Minerals, Metallurgy and Materials<\/a><\/em>, <a href=\"https:\/\/www.sciencedirect.com\/science\/article\/pii\/S2352492825028508\" target=\"_blank\" rel=\"noreferrer noopener\"><em>Materials today communication<\/em><\/a>, <em><a href=\"https:\/\/www.sciencedirect.com\/science\/article\/pii\/S0167577X25008134\" target=\"_blank\" rel=\"noreferrer noopener\">Materials Letters<\/a><\/em> <br>Pr\u00e9sentation au <a href=\"https:\/\/metsoc.org\/events-posts\/com-2025-lightmat-2025\/\" target=\"_blank\" rel=\"noreferrer noopener\">COM &amp; LightMAT 2025<\/a><\/td><\/tr><tr><td><a href=\"https:\/\/regal-aluminium.ca\/membres\/harmaji-andrie\/\" target=\"_blank\" rel=\"noreferrer noopener\">Andrie Harmaji<\/a><\/td><td>UQAC<\/td><td>Articles dans <a href=\"https:\/\/www.sciencedirect.com\/science\/article\/pii\/S0950061825028120?via%3Dihub\" target=\"_blank\" rel=\"noreferrer noopener\"><em>Construction and Building Material<\/em><\/a>, <em><a href=\"https:\/\/www.mdpi.com\/1996-1944\/18\/17\/3987\" target=\"_blank\" rel=\"noreferrer noopener\">Materials<\/a><\/em>, <em><a href=\"https:\/\/www.mdpi.com\/1996-1944\/18\/17\/4087\" target=\"_blank\" rel=\"noreferrer noopener\">Materials<\/a><\/em>, <a href=\"https:\/\/link.springer.com\/article\/10.1007\/s40831-025-01314-w\" target=\"_blank\" rel=\"noreferrer noopener\">Journal of Sustainable Metallurgy<\/a><br>Conf\u00e9rencier invit\u00e9 au <a href=\"https:\/\/www.cecar10.org\/index.asp\" target=\"_blank\" rel=\"noreferrer noopener\">Civil Engineering Conference in the Asian Region<\/a> (CECAR10)<br>Special research student (\u7279\u5225\u7814\u7a76\u5b66\u751f) &#8211; <a href=\"https:\/\/www.mitacs.ca\/our-programs\/globalink-research-award\/\" target=\"_blank\" rel=\"noreferrer noopener\">MITACS Globalink Research Award<\/a>, Yokohama, Japan<\/td><\/tr><tr><td><a href=\"https:\/\/regal-aluminium.ca\/membres\/olayinka-rukayat\/\" target=\"_blank\" rel=\"noreferrer noopener\">Rukayat Olayinka<\/a><\/td><td>UQAC<\/td><td>Article dans <em><a href=\"https:\/\/www.mdpi.com\/1996-1944\/18\/19\/4528\" target=\"_blank\" rel=\"noreferrer noopener\">Materials<\/a><\/em><\/td><\/tr><tr><td><a href=\"https:\/\/regal-aluminium.ca\/membres\/pelletier-anthony\/\" target=\"_blank\" rel=\"noreferrer noopener\">Anthony Pelletier<\/a><\/td><td>UQAC<\/td><td>Article dans <em><a href=\"https:\/\/www.sciencedirect.com\/science\/article\/pii\/S2352009425001099\" target=\"_blank\" rel=\"noreferrer noopener\">Geoderma Regional<\/a><\/em><\/td><\/tr><tr><td><a href=\"https:\/\/regal-aluminium.ca\/membres\/sanogo-bazoumana\/\" target=\"_blank\" rel=\"noreferrer noopener\">Bazoumana Sanogo<\/a><\/td><td>UQAC<\/td><td>Actes de conf\u00e9rence de <a href=\"https:\/\/www.tms.org\/TMS2026\/TMS2026\/Programming\/Light_Metals_Programming.aspx?hkey=401c5e0f-90c3-4f7f-85b4-b2b8d7a99dc3\" target=\"_blank\" rel=\"noreferrer noopener\">TMS 2026 Annual Meeting &amp; Exhibition<\/a> dans <em>Light Metals 2026<\/em><\/td><\/tr><tr><td><a href=\"https:\/\/regal-aluminium.ca\/membres\/tripathy-rohini-nandan\/\" target=\"_blank\" rel=\"noreferrer noopener\">Rohini Nandan Tripathy<\/a><\/td><td>UQAC<\/td><td>Actes de conf\u00e9rence de <a href=\"https:\/\/www.tms.org\/TMS2026\/TMS2026\/Programming\/Light_Metals_Programming.aspx?hkey=401c5e0f-90c3-4f7f-85b4-b2b8d7a99dc3\" target=\"_blank\" rel=\"noreferrer noopener\">TMS 2026 Annual Meeting &amp; Exhibition<\/a> dans <em>Light Metals 2026<\/em><\/td><\/tr><tr><td><a href=\"https:\/\/regal-aluminium.ca\/membres\/rico-pablo\/\" target=\"_blank\" rel=\"noreferrer noopener\"><\/a><a href=\"https:\/\/regal-aluminium.ca\/membres\/joseph-rozensky\/\" target=\"_blank\" rel=\"noreferrer noopener\">Rozensky Joseph<\/a><\/td><td>Universit\u00e9 de Sherbrooke<\/td><td>Prix article \u00e9tudiant au <a href=\"https:\/\/www.cigre.org\/event\/symposium\/2025\/CA\/montreal\/cigre-2025-international-symposium\" target=\"_blank\" rel=\"noreferrer noopener\">CIGRE 2025 International Symposium in Montr\u00e9al<\/a><\/td><\/tr><tr><td><a href=\"https:\/\/regal-aluminium.ca\/membres\/shahin-mehran\/\" target=\"_blank\" rel=\"noreferrer noopener\">Mehran Shahin<\/a><\/td><td>Universit\u00e9 de Sherbrooke<\/td><td>Actes de conf\u00e9rence <a href=\"https:\/\/icsoba.org\/proceedings\/43rd-conference-and-exhibition-icsoba-2025\/?doc=217\" target=\"_blank\" rel=\"noreferrer noopener\">ICSOBA 2025<\/a><\/td><\/tr><tr><td><a href=\"https:\/\/regal-aluminium.ca\/membres\/pelletier-anthony\/\" target=\"_blank\" rel=\"noreferrer noopener\"><\/a><a href=\"https:\/\/regal-aluminium.ca\/membres\/alagha-ali\/\" target=\"_blank\" rel=\"noreferrer noopener\">Ali Alagha<\/a><\/td><td>Universit\u00e9 McGill<\/td><td>Articles dans <a href=\"https:\/\/www.sciencedirect.com\/science\/article\/abs\/pii\/S0032591025010319?via%3Dihub\" target=\"_blank\" rel=\"noreferrer noopener\"><em>Powder Technology<\/em><\/a> et <em>Advanced Powder Technology<\/em><br>Poster au <a href=\"https:\/\/metsoc.org\/events-posts\/com-2025-lightmat-2025\/\" target=\"_blank\" rel=\"noreferrer noopener\">COM &amp; LightMAT 2025<\/a><\/td><\/tr><tr><td><a href=\"https:\/\/regal-aluminium.ca\/membres\/alarie-jonathan\/\" target=\"_blank\" rel=\"noreferrer noopener\"><\/a><a href=\"https:\/\/regal-aluminium.ca\/membres\/alvarez-paco\/\" target=\"_blank\" rel=\"noreferrer noopener\">Paco Alvarez<\/a><\/td><td>Polytechnique Montr\u00e9al<\/td><td>Poster au COM 2025 &amp; LightMAT 2025 et <a href=\"https:\/\/www.polymtl.ca\/calendrier\/evenements\/exposition-genie-oeuvres-4-mars-2026\">Exposition G\u00e9nie-\u0152uvres \u2013 Polytechnique Montr\u00e9al<\/a><\/td><\/tr><tr><td><a href=\"https:\/\/regal-aluminium.ca\/membres\/kafaei-amir\/\" target=\"_blank\" rel=\"noreferrer noopener\">Amir Kafaei<\/a><\/td><td>Universit\u00e9 Laval<\/td><td>Articles dans <em><a href=\"https:\/\/link.springer.com\/article\/10.1007\/s00397-025-01542-7\" target=\"_blank\" rel=\"noreferrer noopener\">Rheologica Acta<\/a><\/em>, <em><a href=\"https:\/\/www.sciencedirect.com\/science\/article\/pii\/S0032591025010472\" target=\"_blank\" rel=\"noreferrer noopener\">Powder Technology<\/a><\/em><br>Actes de conf\u00e9rence du <a href=\"https:\/\/espace2.etsmtl.ca\/id\/eprint\/32431\/\" target=\"_blank\" rel=\"noreferrer noopener\">CSME-CFDSC-CSR 2025 International Congress<\/a><\/td><\/tr><tr><td><a href=\"https:\/\/regal-aluminium.ca\/membres\/beitollahi-armin\/\" target=\"_blank\" rel=\"noreferrer noopener\">Armin Beitollahi<\/a><\/td><td>Universit\u00e9 Laval<\/td><td>Article dans <em><a href=\"https:\/\/www.sciencedirect.com\/science\/article\/pii\/S0377025725001028\">Journal of Non-Newtonian Fluid Mechanics<\/a><\/em><\/td><\/tr><\/tbody><\/table><\/figure>\n<\/div><\/div>\n\n\n\n<div class=\"wp-block-group\"><div class=\"wp-block-group__inner-container is-layout-constrained wp-block-group-is-layout-constrained\">\n<p class=\"has-white-color has-blue-200-background-color has-text-color has-background has-link-color wp-elements-53fd45a077538d11cc0d57a81e5cfdb3\">Mario-Fafard Scholarship 2025-2026<\/p>\n\n\n\n<p>For the <strong>2025-2026 competition<\/strong>, two scholarships of $2,000 CAD were awarded.<\/p>\n\n\n\n<p>The recipient of the Mario-Fafard Scholarship (Master) is <strong><a href=\"https:\/\/regal-aluminium.ca\/membres\/olayinka-rukayat\/\">Rukayat Olayinka<\/a><\/strong>, a student at the Universit\u00e9 du Qu\u00e9bec \u00e0 Chicoutimi, under the supervision of <a href=\"https:\/\/regal-aluminium.ca\/membres\/jafari-aminabadi-reza\/\">Reza Jafari<\/a> and the co-supervision of <a href=\"https:\/\/regal-aluminium.ca\/membres\/fiset-mathieu\/\">Mathieu Fiset<\/a>. Her research topic is \u201d Development and Performance Evaluation of Geopolymer Concrete Incorporated Bauxite Residue for Precast Pipe Applications\u201d. Her academic record is exemplary. Furthermore, through specific examples of support for her female colleagues, she has clearly demonstrated the importance of being attentive to her community to help other female students.<\/p>\n\n\n\n<p>The recipient of the Mario-Fafard Scholarship (Doctoral) is <strong><a href=\"https:\/\/regal-aluminium.ca\/membres\/li-yinuo\/\">Yinuo Li<\/a><\/strong>, a student at McGill University, under the supervision of <a href=\"https:\/\/regal-aluminium.ca\/membres\/gauvin-raynald\/\">Raynald Gauvin<\/a>. Her research topic is \u201d Systematic Quantification Method on Intermetallic Distribution in Aluminum alloys with Electron Microscopy\u201d. The jury highlighted the excellence of her academic record, her accomplishments as detailed in her career path, and her insights on the importance of raising awareness about the realities of the aluminum sector and supporting their career paths by listening to their experiences to help female students.<\/p>\n\n\n\n<p><strong>Congratulations!<\/strong><\/p>\n<\/div><\/div>\n\n\n\n<div class=\"wp-block-group\"><div class=\"wp-block-group__inner-container is-layout-constrained wp-block-group-is-layout-constrained\">\n<p class=\"is-style-default has-white-color has-blue-200-background-color has-text-color has-background has-link-color wp-elements-ee7217ceafbed325db2e12156bcd2390\">Allen-Schultz Scholarship \u2013 AMACOR \u2013 HATCH 2024-2025<\/p>\n\n\n\n<p class=\"is-style-default\"><strong>For the 2024-2025 competition, one scholarship of CA$10,000 was awarded, as well as a paid internship of at least three months in one of Hatch&#8217;s offices.<\/strong><\/p>\n\n\n\n<p><strong>Congratulations to the recipient:<\/strong><\/p>\n\n\n\n<p><strong><a href=\"https:\/\/regal-aluminium.ca\/membres\/sanogo-bazoumana\/\" target=\"_blank\" rel=\"noreferrer noopener\">Bazoumana Sanogo<\/a><\/strong>, doctorate&#8217;s student at UQAC under the supervision of <a href=\"https:\/\/regal-aluminium.ca\/membres\/dion-lukas\/\" target=\"_blank\" rel=\"noreferrer noopener\">Lukas Dion<\/a> and S\u00e9bastien Gaboury<br>Title of his research project: <em>Compr\u00e9hension et reproduction des perturbations thermiques survenant pendant la production d&#8217;aluminium primaire<\/em><\/p>\n\n\n\n<p>The student will have the opportunity to continue his professional development by working on exciting projects with recognized industry experts.<\/p>\n<\/div><\/div>\n\n\n\t<section id=\"block_c10c870fb57b8370d7daab23b7c00203\" class=\"block block--cta\">\n\t\t<div class=\"row\">\n\n\t\t\t\t\t\t\t\t\t\t\t\t<div class=\"col-18\">\n\t\t\t\t\t\t<h2 class=\"title-uppercase\">Available Funding<\/h2>\n\t\t\t\t\t<\/div>\n\t\t\t\t\t\t\t\t<div class=\"col\">\n\t\t\t\t\t<p class=\"big\" role=\"heading\">See available competitions<\/p>\n\n\t\t\t\t\t\t\t\t\t<\/div>\n\t\t\t\t\t\t\t\t\t<div class=\"col-sm-2 col-2 offset-sm-1 full-screen-text__col-btn\">\n\t\t\t\t\t\t<a href=\"https:\/\/regal-aluminium.ca\/en\/available-funding\/\" class=\"btn-arrow\" target=\"_self\" title=\"Available Funding\">\n\t\t\t\t\t\t\t<span class=\"sr-only\">\n\t\t\t\t\t\t\t\tAvailable Funding\t\t\t\t\t\t\t<\/span>\n\t\t\t\t\t\t\t<svg class=\"svg svg--arrow-right\" role=\"presentation\" xmlns=\"http:\/\/www.w3.org\/2000\/svg\" viewBox=\"0 0 54.316 56.125\">\n  <g fill=\"none\">\n    <path d=\"M0 28.063h52.944\" vector-effect=\"non-scaling-stroke\" \/>\n    <path d=\"m25.9 55.772 27.709-27.709L25.9.354\" vector-effect=\"non-scaling-stroke\" \/>\n  <\/g>\n<\/svg>\n\t\t\t\t\t\t<\/a>\n\t\t\t\t\t<\/div>\n\t\t\t\t\t\t\t\n\t\t<\/div>\n\t<\/section>\n","protected":false},"excerpt":{"rendered":"<p>REGAL Student Fund For 2026-2027 scholar year, ten students received financial assistance from REGAL for their participation in international conferences. Student Conference Safouane Skainia Canadian Materials Science Conference (CMSC), 4-7 [&hellip;]<\/p>\n","protected":false},"author":1,"featured_media":0,"parent":0,"menu_order":0,"comment_status":"closed","ping_status":"closed","template":"","meta":{"_acf_changed":false,"inline_featured_image":false,"footnotes":""},"class_list":["post-3978","page","type-page","status-publish","hentry"],"acf":[],"yoast_head":"<!-- This site is optimized with the Yoast SEO plugin v27.1.1 - https:\/\/yoast.com\/product\/yoast-seo-wordpress\/ -->\n<title>Scholarship Recipients - REGAL<\/title>\n<meta name=\"description\" content=\"Congratulations to the REGAL Scholars! Meet the exceptional students supported in their aluminum research and conference&#039;s participation.\" \/>\n<meta name=\"robots\" content=\"index, follow, max-snippet:-1, max-image-preview:large, max-video-preview:-1\" \/>\n<link rel=\"canonical\" href=\"https:\/\/regal-aluminium.ca\/en\/scholarship-recipients\/\" \/>\n<meta property=\"og:locale\" content=\"en_US\" \/>\n<meta property=\"og:type\" content=\"article\" \/>\n<meta property=\"og:title\" content=\"Scholarship Recipients - REGAL\" \/>\n<meta property=\"og:description\" content=\"Congratulations to the REGAL Scholars! Meet the exceptional students supported in their aluminum research and conference&#039;s participation.\" \/>\n<meta property=\"og:url\" content=\"https:\/\/regal-aluminium.ca\/en\/scholarship-recipients\/\" \/>\n<meta property=\"og:site_name\" content=\"REGAL\" \/>\n<meta property=\"article:modified_time\" content=\"2026-04-15T11:33:49+00:00\" \/>\n<meta property=\"og:image\" content=\"https:\/\/regal-aluminium.ca\/wp-content\/uploads\/2024\/02\/og_regal.jpg\" \/>\n\t<meta property=\"og:image:width\" content=\"1200\" \/>\n\t<meta property=\"og:image:height\" content=\"628\" \/>\n\t<meta property=\"og:image:type\" content=\"image\/jpeg\" \/>\n<meta name=\"twitter:card\" content=\"summary_large_image\" \/>\n<meta name=\"twitter:label1\" content=\"Est. reading time\" \/>\n\t<meta name=\"twitter:data1\" content=\"4 minutes\" \/>\n<!-- \/ Yoast SEO plugin. -->","yoast_head_json":{"title":"Scholarship Recipients - REGAL","description":"Congratulations to the REGAL Scholars! Meet the exceptional students supported in their aluminum research and conference's participation.","robots":{"index":"index","follow":"follow","max-snippet":"max-snippet:-1","max-image-preview":"max-image-preview:large","max-video-preview":"max-video-preview:-1"},"canonical":"https:\/\/regal-aluminium.ca\/en\/scholarship-recipients\/","og_locale":"en_US","og_type":"article","og_title":"Scholarship Recipients - REGAL","og_description":"Congratulations to the REGAL Scholars! Meet the exceptional students supported in their aluminum research and conference's participation.","og_url":"https:\/\/regal-aluminium.ca\/en\/scholarship-recipients\/","og_site_name":"REGAL","article_modified_time":"2026-04-15T11:33:49+00:00","og_image":[{"width":1200,"height":628,"url":"https:\/\/regal-aluminium.ca\/wp-content\/uploads\/2024\/02\/og_regal.jpg","type":"image\/jpeg"}],"twitter_card":"summary_large_image","twitter_misc":{"Est. reading time":"4 minutes"},"schema":{"@context":"https:\/\/schema.org","@graph":[{"@type":"WebPage","@id":"https:\/\/regal-aluminium.ca\/en\/scholarship-recipients\/","url":"https:\/\/regal-aluminium.ca\/en\/scholarship-recipients\/","name":"Scholarship Recipients - REGAL","isPartOf":{"@id":"https:\/\/regal-aluminium.ca\/en\/#website"},"datePublished":"2024-02-08T16:43:50+00:00","dateModified":"2026-04-15T11:33:49+00:00","description":"Congratulations to the REGAL Scholars! Meet the exceptional students supported in their aluminum research and conference's participation.","breadcrumb":{"@id":"https:\/\/regal-aluminium.ca\/en\/scholarship-recipients\/#breadcrumb"},"inLanguage":"en-US","potentialAction":[{"@type":"ReadAction","target":["https:\/\/regal-aluminium.ca\/en\/scholarship-recipients\/"]}]},{"@type":"BreadcrumbList","@id":"https:\/\/regal-aluminium.ca\/en\/scholarship-recipients\/#breadcrumb","itemListElement":[{"@type":"ListItem","position":1,"name":"Accueil","item":"https:\/\/regal-aluminium.ca\/en\/"},{"@type":"ListItem","position":2,"name":"Scholarship Recipients"}]},{"@type":"WebSite","@id":"https:\/\/regal-aluminium.ca\/en\/#website","url":"https:\/\/regal-aluminium.ca\/en\/","name":"REGAL","description":"","publisher":{"@id":"https:\/\/regal-aluminium.ca\/en\/#organization"},"potentialAction":[{"@type":"SearchAction","target":{"@type":"EntryPoint","urlTemplate":"https:\/\/regal-aluminium.ca\/en\/?s={search_term_string}"},"query-input":{"@type":"PropertyValueSpecification","valueRequired":true,"valueName":"search_term_string"}}],"inLanguage":"en-US"},{"@type":"Organization","@id":"https:\/\/regal-aluminium.ca\/en\/#organization","name":"REGAL","url":"https:\/\/regal-aluminium.ca\/en\/","logo":{"@type":"ImageObject","inLanguage":"en-US","@id":"https:\/\/regal-aluminium.ca\/en\/#\/schema\/logo\/image\/","url":"https:\/\/regal-aluminium.ca\/wp-content\/uploads\/2024\/02\/og_regal.jpg","contentUrl":"https:\/\/regal-aluminium.ca\/wp-content\/uploads\/2024\/02\/og_regal.jpg","width":1200,"height":628,"caption":"REGAL"},"image":{"@id":"https:\/\/regal-aluminium.ca\/en\/#\/schema\/logo\/image\/"}}]}},"_links":{"self":[{"href":"https:\/\/regal-aluminium.ca\/en\/wp-json\/wp\/v2\/pages\/3978","targetHints":{"allow":["GET"]}}],"collection":[{"href":"https:\/\/regal-aluminium.ca\/en\/wp-json\/wp\/v2\/pages"}],"about":[{"href":"https:\/\/regal-aluminium.ca\/en\/wp-json\/wp\/v2\/types\/page"}],"author":[{"embeddable":true,"href":"https:\/\/regal-aluminium.ca\/en\/wp-json\/wp\/v2\/users\/1"}],"replies":[{"embeddable":true,"href":"https:\/\/regal-aluminium.ca\/en\/wp-json\/wp\/v2\/comments?post=3978"}],"version-history":[{"count":2,"href":"https:\/\/regal-aluminium.ca\/en\/wp-json\/wp\/v2\/pages\/3978\/revisions"}],"predecessor-version":[{"id":5813,"href":"https:\/\/regal-aluminium.ca\/en\/wp-json\/wp\/v2\/pages\/3978\/revisions\/5813"}],"wp:attachment":[{"href":"https:\/\/regal-aluminium.ca\/en\/wp-json\/wp\/v2\/media?parent=3978"}],"curies":[{"name":"wp","href":"https:\/\/api.w.org\/{rel}","templated":true}]}}