{"id":3984,"date":"2024-02-05T19:51:48","date_gmt":"2024-02-05T19:51:48","guid":{"rendered":"https:\/\/regal-aluminium.ca\/mission-valeur-engagement\/"},"modified":"2024-09-27T20:36:42","modified_gmt":"2024-09-27T20:36:42","slug":"mission","status":"publish","type":"page","link":"https:\/\/regal-aluminium.ca\/en\/mission\/","title":{"rendered":"Mission"},"content":{"rendered":"\t<section id=\"block_f4c490ec19cd557ed639c1767a7abd23\" class=\"block block--cta\">\n\t\t<div class=\"row\">\n\n\t\t\t\t\t\t\t\t\t\t\t\t<div class=\"col-18\">\n\t\t\t\t\t\t<h2 class=\"title-uppercase\">Our mission<\/h2>\n\t\t\t\t\t<\/div>\n\t\t\t\t\t\t\t\t<div class=\"col\">\n\t\t\t\t\t<p class=\"big\" role=\"heading\">Addressing fundamental and applied issues related to Al production, processing and utilization, by creating a world-class research and training environment<\/p>\n\n\t\t\t\t\t\t\t\t\t<\/div>\n\t\t\t\t\t\t\t\n\t\t<\/div>\n\t<\/section>\n\n\n\n<div style=\"height:39px\" aria-hidden=\"true\" class=\"wp-block-spacer\"><\/div>\n\n\n\n<div class=\"wp-block-group\"><div class=\"wp-block-group__inner-container is-layout-constrained wp-block-group-is-layout-constrained\">\n<h2 class=\"wp-block-heading is-style-small-grey-text-mono\">Welcome to the REGAL website<\/h2>\n\n\n\n<p>As the management team of the Centre de recherche sur l\u2019aluminium (REGAL), we invite you to browse our website, which is intended to be a constantly evolving image of research in the field of aluminum in Quebec. REGAL\u2019s strength is to bring together in a single entity valuable expertise that covers all aluminum research niches in Quebec. REGAL\u2019s various activities and the dynamism of its members reflect our aspiration to become a center of excellence on a global scale. <strong>To achieve its mission, the Center focuses on four key aspects<\/strong>:<\/p>\n\n\n\n<ul class=\"wp-block-list\">\n<li>Train highly qualified personnel (HQP) and promote knowledge transfer to industry<\/li>\n\n\n\n<li>Align research with societal needs by focusing on advances in processes and products<\/li>\n\n\n\n<li>Create synergy between universities, CEGEPs and the Al ecosystem<\/li>\n\n\n\n<li>Facilitate collaboration between its members as well as with other major global centers specialized in the field<\/li>\n<\/ul>\n<\/div><\/div>\n\n\n\n<div style=\"height:22px\" aria-hidden=\"true\" class=\"wp-block-spacer\"><\/div>\n\n\n\n<div class=\"wp-block-group\"><div class=\"wp-block-group__inner-container is-layout-constrained wp-block-group-is-layout-constrained\">\n<h2 class=\"wp-block-heading is-style-small-grey-text-mono\">Formation of the group<\/h2>\n\n\n\n<p>REGAL has members in eight academic institutions, 63 professors and more than 40 external academic and industrial collaborators. Together, they are active in research projects covering the entire aluminium value chain. It currently hosts 150 graduate students. In this regard, the Center is continually recruiting students for master&#8217;s, doctoral and postdoctoral projects attached to different departments of member institutions.<br><a href=\"https:\/\/regal-aluminium.ca\/en\/graduate-studies\/\" target=\"_blank\" rel=\"noreferrer noopener\">Graduate Studies Opportunities <\/a><\/p>\n\n\n\n<p>The Centre works with industrial research sector groups (RSRI) such as the Quebec Advanced Materials Research and Innovation Cluster (PRIMA), the Consortium de recherche et d\u2019innovation en transformation m\u00e9tallique (CRITM) and the Centre qu\u00e9b\u00e9cois de recherche et de d\u00e9veloppement de l\u2019aluminium (CQRDA), which support applied research in partnership with the Centre\u2019s members. It collaborates with the Comit\u00e9 sectoriel de main-d\u2019oeuvre de la m\u00e9tallurgie (CSMO-M) on issues related to training highly qualified workers and with AluQu\u00e9bec (an aluminum cluster comprising more than 200 companies), which it supports in terms of the research needs of the industrial sector. No other research group in Quebec or elsewhere can represent a comparable force in tackling the challenges of Al. REGAL\u2019s fields of activity cover the entire Al value chain: extraction, primary production, transformation into alloys, product manufacturing and end-of-life recycling. For more details, see the <a href=\"https:\/\/regal-aluminium.ca\/en\/?page_id=3970\">Scientific Program<\/a>.<\/p>\n<\/div><\/div>\n\n\n\n<div style=\"height:40px\" aria-hidden=\"true\" class=\"wp-block-spacer\"><\/div>\n\n\n\t<section id=\"block_a8925b6d98879ff7740673edc79cde0e\" class=\"block block--cta\">\n\t\t<div class=\"row\">\n\n\t\t\t\t\t\t\t\t\t\t\t\t<div class=\"col-18\">\n\t\t\t\t\t\t<h2 class=\"title-uppercase\">Our commitment as a welcoming environment<\/h2>\n\t\t\t\t\t<\/div>\n\t\t\t\t\t\t\t\t<div class=\"col\">\n\t\t\t\t\t<p class=\"big\" role=\"heading\">Promoting a sense of inclusion at REGAL<\/p>\n\n\t\t\t\t\t\t\t\t\t\t\t<div class=\"block--cta__small-text\">\n\t\t\t\t\t\t\t<p>Having at heart the needs in equity, diversity and inclusion of underrepresented groups, the Centre is committed to respecting the principles of equity, diversity and inclusion as defined by its funding body, the Fonds de recherche du Qu\u00e9bec (FRQ)<br \/>\r\n<\/p>\n\t\t\t\t\t\t<\/div>\n\t\t\t\t\t\t\t\t\t<\/div>\n\t\t\t\t\t\t\t\t\t<div class=\"col-sm-2 col-2 offset-sm-1 full-screen-text__col-btn\">\n\t\t\t\t\t\t<a href=\"https:\/\/frq.gouv.qc.ca\/en\/equity-diversity-and-inclusion-2\/\" class=\"btn-arrow\" target=\"_blank\" title=\"Equity, Diversity, and Inclusion (FRQ)\">\n\t\t\t\t\t\t\t<span class=\"sr-only\">\n\t\t\t\t\t\t\t\tEquity, Diversity, and Inclusion (FRQ)\t\t\t\t\t\t\t<\/span>\n\t\t\t\t\t\t\t<svg class=\"svg svg--arrow-right\" role=\"presentation\" xmlns=\"http:\/\/www.w3.org\/2000\/svg\" viewBox=\"0 0 54.316 56.125\">\n  <g fill=\"none\">\n    <path d=\"M0 28.063h52.944\" vector-effect=\"non-scaling-stroke\" \/>\n    <path d=\"m25.9 55.772 27.709-27.709L25.9.354\" vector-effect=\"non-scaling-stroke\" \/>\n  <\/g>\n<\/svg>\n\t\t\t\t\t\t<\/a>\n\t\t\t\t\t<\/div>\n\t\t\t\t\t\t\t\n\t\t<\/div>\n\t<\/section>\n\n\n\n<div style=\"height:100px\" aria-hidden=\"true\" class=\"wp-block-spacer\"><\/div>\n","protected":false},"excerpt":{"rendered":"<p>Welcome to the REGAL website As the management team of the Centre de recherche sur l\u2019aluminium (REGAL), we invite you to browse our website, which is intended to be a [&hellip;]<\/p>\n","protected":false},"author":1,"featured_media":0,"parent":0,"menu_order":0,"comment_status":"closed","ping_status":"closed","template":"","meta":{"_acf_changed":false,"inline_featured_image":false,"footnotes":"[]"},"class_list":["post-3984","page","type-page","status-publish","hentry"],"acf":[],"yoast_head":"<!-- This site is optimized with the Yoast SEO plugin v27.1.1 - https:\/\/yoast.com\/product\/yoast-seo-wordpress\/ -->\n<title>Mission - REGAL<\/title>\n<meta name=\"description\" content=\"Explore the mission, values \u200b\u200band commitment of the REGAL Aluminum Research Center and our dedication to innovation in the aluminum industry.\" \/>\n<meta name=\"robots\" content=\"index, follow, max-snippet:-1, max-image-preview:large, max-video-preview:-1\" \/>\n<link rel=\"canonical\" href=\"https:\/\/regal-aluminium.ca\/en\/mission\/\" \/>\n<meta property=\"og:locale\" content=\"en_US\" \/>\n<meta property=\"og:type\" content=\"article\" \/>\n<meta property=\"og:title\" content=\"Mission - REGAL\" \/>\n<meta property=\"og:description\" content=\"Explore the mission, values \u200b\u200band commitment of the REGAL Aluminum Research Center and our dedication to innovation in the aluminum industry.\" \/>\n<meta property=\"og:url\" content=\"https:\/\/regal-aluminium.ca\/en\/mission\/\" \/>\n<meta property=\"og:site_name\" content=\"REGAL\" \/>\n<meta property=\"article:modified_time\" content=\"2024-09-27T20:36:42+00:00\" \/>\n<meta property=\"og:image\" content=\"https:\/\/regal-aluminium.ca\/wp-content\/uploads\/2024\/02\/og_regal.jpg\" \/>\n\t<meta property=\"og:image:width\" content=\"1200\" \/>\n\t<meta property=\"og:image:height\" content=\"628\" \/>\n\t<meta property=\"og:image:type\" content=\"image\/jpeg\" \/>\n<meta name=\"twitter:card\" content=\"summary_large_image\" \/>\n<meta name=\"twitter:label1\" content=\"Est. reading time\" \/>\n\t<meta name=\"twitter:data1\" content=\"2 minutes\" \/>\n<!-- \/ Yoast SEO plugin. -->","yoast_head_json":{"title":"Mission - REGAL","description":"Explore the mission, values \u200b\u200band commitment of the REGAL Aluminum Research Center and our dedication to innovation in the aluminum industry.","robots":{"index":"index","follow":"follow","max-snippet":"max-snippet:-1","max-image-preview":"max-image-preview:large","max-video-preview":"max-video-preview:-1"},"canonical":"https:\/\/regal-aluminium.ca\/en\/mission\/","og_locale":"en_US","og_type":"article","og_title":"Mission - REGAL","og_description":"Explore the mission, values \u200b\u200band commitment of the REGAL Aluminum Research Center and our dedication to innovation in the aluminum industry.","og_url":"https:\/\/regal-aluminium.ca\/en\/mission\/","og_site_name":"REGAL","article_modified_time":"2024-09-27T20:36:42+00:00","og_image":[{"width":1200,"height":628,"url":"https:\/\/regal-aluminium.ca\/wp-content\/uploads\/2024\/02\/og_regal.jpg","type":"image\/jpeg"}],"twitter_card":"summary_large_image","twitter_misc":{"Est. reading time":"2 minutes"},"schema":{"@context":"https:\/\/schema.org","@graph":[{"@type":"WebPage","@id":"https:\/\/regal-aluminium.ca\/en\/mission\/","url":"https:\/\/regal-aluminium.ca\/en\/mission\/","name":"Mission - REGAL","isPartOf":{"@id":"https:\/\/regal-aluminium.ca\/en\/#website"},"datePublished":"2024-02-05T19:51:48+00:00","dateModified":"2024-09-27T20:36:42+00:00","description":"Explore the mission, values \u200b\u200band commitment of the REGAL Aluminum Research Center and our dedication to innovation in the aluminum industry.","breadcrumb":{"@id":"https:\/\/regal-aluminium.ca\/en\/mission\/#breadcrumb"},"inLanguage":"en-US","potentialAction":[{"@type":"ReadAction","target":["https:\/\/regal-aluminium.ca\/en\/mission\/"]}]},{"@type":"BreadcrumbList","@id":"https:\/\/regal-aluminium.ca\/en\/mission\/#breadcrumb","itemListElement":[{"@type":"ListItem","position":1,"name":"Accueil","item":"https:\/\/regal-aluminium.ca\/en\/"},{"@type":"ListItem","position":2,"name":"Mission"}]},{"@type":"WebSite","@id":"https:\/\/regal-aluminium.ca\/en\/#website","url":"https:\/\/regal-aluminium.ca\/en\/","name":"REGAL","description":"","publisher":{"@id":"https:\/\/regal-aluminium.ca\/en\/#organization"},"potentialAction":[{"@type":"SearchAction","target":{"@type":"EntryPoint","urlTemplate":"https:\/\/regal-aluminium.ca\/en\/?s={search_term_string}"},"query-input":{"@type":"PropertyValueSpecification","valueRequired":true,"valueName":"search_term_string"}}],"inLanguage":"en-US"},{"@type":"Organization","@id":"https:\/\/regal-aluminium.ca\/en\/#organization","name":"REGAL","url":"https:\/\/regal-aluminium.ca\/en\/","logo":{"@type":"ImageObject","inLanguage":"en-US","@id":"https:\/\/regal-aluminium.ca\/en\/#\/schema\/logo\/image\/","url":"https:\/\/regal-aluminium.ca\/wp-content\/uploads\/2024\/02\/og_regal.jpg","contentUrl":"https:\/\/regal-aluminium.ca\/wp-content\/uploads\/2024\/02\/og_regal.jpg","width":1200,"height":628,"caption":"REGAL"},"image":{"@id":"https:\/\/regal-aluminium.ca\/en\/#\/schema\/logo\/image\/"}}]}},"_links":{"self":[{"href":"https:\/\/regal-aluminium.ca\/en\/wp-json\/wp\/v2\/pages\/3984","targetHints":{"allow":["GET"]}}],"collection":[{"href":"https:\/\/regal-aluminium.ca\/en\/wp-json\/wp\/v2\/pages"}],"about":[{"href":"https:\/\/regal-aluminium.ca\/en\/wp-json\/wp\/v2\/types\/page"}],"author":[{"embeddable":true,"href":"https:\/\/regal-aluminium.ca\/en\/wp-json\/wp\/v2\/users\/1"}],"replies":[{"embeddable":true,"href":"https:\/\/regal-aluminium.ca\/en\/wp-json\/wp\/v2\/comments?post=3984"}],"version-history":[{"count":2,"href":"https:\/\/regal-aluminium.ca\/en\/wp-json\/wp\/v2\/pages\/3984\/revisions"}],"predecessor-version":[{"id":4176,"href":"https:\/\/regal-aluminium.ca\/en\/wp-json\/wp\/v2\/pages\/3984\/revisions\/4176"}],"wp:attachment":[{"href":"https:\/\/regal-aluminium.ca\/en\/wp-json\/wp\/v2\/media?parent=3984"}],"curies":[{"name":"wp","href":"https:\/\/api.w.org\/{rel}","templated":true}]}}