{"id":3998,"date":"2024-02-07T18:42:39","date_gmt":"2024-02-07T18:42:39","guid":{"rendered":"https:\/\/regal-aluminium.ca\/collaborations\/"},"modified":"2024-09-11T14:57:54","modified_gmt":"2024-09-11T14:57:54","slug":"collaborations","status":"publish","type":"page","link":"https:\/\/regal-aluminium.ca\/en\/collaborations\/","title":{"rendered":"External collaborations"},"content":{"rendered":"\n<div class=\"wp-block-group\"><div class=\"wp-block-group__inner-container is-layout-constrained wp-block-group-is-layout-constrained\">\n<h2 class=\"wp-block-heading is-style-small-grey-text-mono\">UniversitIEs<\/h2>\n\n\n\n<ul class=\"wp-block-list\">\n<li><a href=\"https:\/\/english.neu.edu.cn\/\" target=\"_blank\" rel=\"noreferrer noopener\">China Northeastern University<\/a><\/li>\n\n\n\n<li><a href=\"https:\/\/www.dal.ca\/\" target=\"_blank\" rel=\"noreferrer noopener\">Dalhousie University<\/a><\/li>\n\n\n\n<li><a href=\"https:\/\/artsetmetiers.fr\/en\" target=\"_blank\" rel=\"noreferrer noopener\">\u00c9cole nationale sup\u00e9rieure des Arts et M\u00e9tiers<\/a> (ESAM)<\/li>\n\n\n\n<li><a href=\"https:\/\/egjc.gznu.edu.cn\/\" target=\"_blank\" rel=\"noreferrer noopener\">Guizhou Normal University<\/a> (China)<\/li>\n\n\n\n<li><a href=\"https:\/\/www.groupe-insa.fr\/en\" target=\"_blank\" rel=\"noreferrer noopener\">Institut national des sciences appliqu\u00e9es<\/a> (INSA)<\/li>\n\n\n\n<li><a href=\"https:\/\/www.ntnu.edu\/\" target=\"_blank\" rel=\"noreferrer noopener\">Norwegian University of Science and Technology<\/a> (NTNU)<\/li>\n\n\n\n<li><a href=\"https:\/\/en.ru.is\/\" target=\"_blank\" rel=\"noreferrer noopener\">Reykjavik University<\/a><\/li>\n\n\n\n<li><a href=\"https:\/\/www.torontomu.ca\/\" target=\"_blank\" rel=\"noreferrer noopener\">Toronto Metropolitain University<\/a> (anciennement <em>Ryerson Universit<\/em>y)<\/li>\n\n\n\n<li><a href=\"https:\/\/www.uottawa.ca\/\" target=\"_blank\" rel=\"noreferrer noopener\">University of Ottawa<\/a><\/li>\n\n\n\n<li><a href=\"https:\/\/www.univ-lille.fr\/\" target=\"_blank\" rel=\"noreferrer noopener\">Universit\u00e9 de Lille<\/a><\/li>\n\n\n\n<li><a href=\"https:\/\/www.univ-poitiers.fr\/\" target=\"_blank\" rel=\"noreferrer noopener\">Universit\u00e9 de Poitiers<\/a><\/li>\n\n\n\n<li><a href=\"https:\/\/www.utc.fr\/\" target=\"_blank\" rel=\"noreferrer noopener\">Universit\u00e9 de technologie de Compi\u00e8gne<\/a><\/li>\n\n\n\n<li><a href=\"https:\/\/en.ustb.edu.cn\/\" target=\"_blank\" rel=\"noreferrer noopener\">University of science and technology Beijing<\/a> (USTB)<\/li>\n\n\n\n<li><a href=\"https:\/\/uwaterloo.ca\/\" target=\"_blank\" rel=\"noreferrer noopener\">University of Waterloo<\/a><\/li>\n\n\n\n<li><a href=\"https:\/\/www.uni-wuppertal.de\/en\/\" target=\"_blank\" rel=\"noreferrer noopener\">University of Wuppertal<\/a><\/li>\n<\/ul>\n<\/div><\/div>\n\n\n\n<div class=\"wp-block-group\"><div class=\"wp-block-group__inner-container is-layout-constrained wp-block-group-is-layout-constrained\">\n<h2 class=\"wp-block-heading is-style-small-grey-text-mono\">Private companies<\/h2>\n\n\n\n<ul class=\"wp-block-list\">\n<li><a href=\"https:\/\/www.alcoa.com\/global\/en\/home\/\" target=\"_blank\" rel=\"noreferrer noopener\">Alcoa<\/a><\/li>\n\n\n\n<li><a href=\"https:\/\/www.alouette.com\/\" target=\"_blank\" rel=\"noreferrer noopener\">Aluminerie Alouette<\/a><\/li>\n\n\n\n<li><a href=\"https:\/\/www.princecraft.com\/ca\/en\/index.aspx\" target=\"_blank\" rel=\"noreferrer noopener\">Princecraft<\/a><\/li>\n\n\n\n<li><a href=\"https:\/\/fr.bellflight.com\/global\/canada\" target=\"_blank\" rel=\"noreferrer noopener\">Bell Textron Lt\u00e9e-Canada<\/a><\/li>\n\n\n\n<li>BFI Usine de triage Lachenaie<\/li>\n\n\n\n<li><a href=\"https:\/\/bombardier.com\/\" target=\"_blank\" rel=\"noreferrer noopener\">Bombardier inc.<\/a><\/li>\n\n\n\n<li><a href=\"https:\/\/www.brp.com\" target=\"_blank\" rel=\"noreferrer noopener\">Bombardier Produits r\u00e9cr\u00e9atifs Inc. (BRP)<\/a><\/li>\n\n\n\n<li><a href=\"https:\/\/www.groupecanimex.com\/en\/\">Canimex<\/a><\/li>\n\n\n\n<li><a href=\"https:\/\/delastek.com\/en\/\" target=\"_blank\" rel=\"noreferrer noopener\">Delastek<\/a><\/li>\n\n\n\n<li><a href=\"https:\/\/www.ge.com\/\" target=\"_blank\" rel=\"noreferrer noopener\">General Electric<\/a><\/li>\n\n\n\n<li><a href=\"https:\/\/www.gm.ca\/en\/home.html\/\" target=\"_blank\" rel=\"noreferrer noopener\">General Motors du Canada<\/a><\/li>\n\n\n\n<li><a href=\"https:\/\/sotrem.ca\/en\/\" target=\"_blank\" rel=\"noreferrer noopener\">Groupe Sotrem-Maltech<\/a><\/li>\n\n\n\n<li><a href=\"https:\/\/www.hatch.com\/\" target=\"_blank\" rel=\"noreferrer noopener\">Hatch<\/a><\/li>\n\n\n\n<li><a href=\"https:\/\/www.herouxdevtek.com\/en\" target=\"_blank\" rel=\"noreferrer noopener\">H\u00e9roux Devtek<\/a><\/li>\n\n\n\n<li><a href=\"https:\/\/www.hispanosuizacars.com\/\" target=\"_blank\" rel=\"noreferrer noopener\">Hispano-Suiza<\/a><\/li>\n\n\n\n<li><a href=\"https:\/\/www.hydroquebec.com\/innovation\/en\/\" target=\"_blank\" rel=\"noreferrer noopener\">Hydro-Qu\u00e9bec<\/a><\/li>\n\n\n\n<li><a href=\"https:\/\/www.l3harris.com\/en-ca\/canada\" target=\"_blank\" rel=\"noreferrer noopener\">L3 Technologies<\/a><\/li>\n\n\n\n<li><a href=\"https:\/\/www.liburdiautomation.com\/#1\" target=\"_blank\" rel=\"noreferrer noopener\">Liburdi Automation Inc.<\/a><\/li>\n\n\n\n<li><a href=\"https:\/\/www.linamar.com\/\" target=\"_blank\" rel=\"noreferrer noopener\">Linamar<\/a> (anciennement Montupet)<\/li>\n\n\n\n<li><a href=\"https:\/\/magrouptec.net\/\" target=\"_blank\" rel=\"noreferrer noopener\">MAgroup Tecnickrome<\/a><\/li>\n\n\n\n<li><a href=\"https:\/\/mda.space\/\" target=\"_blank\" rel=\"noreferrer noopener\">MDA<\/a> (anciennement MacDonald, Dettwiler and Associates Ltd.)<\/li>\n\n\n\n<li>MEEIR technologie inc.<\/li>\n\n\n\n<li><a href=\"https:\/\/paber-alu.com\/\" target=\"_blank\" rel=\"noreferrer noopener\">Paber aluminium<\/a><\/li>\n\n\n\n<li><a href=\"https:\/\/pcpaluminium.com\/\" target=\"_blank\" rel=\"noreferrer noopener\">PCP Aluminium<\/a><\/li>\n\n\n\n<li><a href=\"https:\/\/www.prattwhitney.com\/en\" target=\"_blank\" rel=\"noreferrer noopener\">Pratt &amp; Whitney Canada<\/a><\/li>\n\n\n\n<li><a href=\"https:\/\/www.riotinto.com\/en\/can\/\" target=\"_blank\" rel=\"noreferrer noopener\">RioTintoAlcan<\/a><\/li>\n\n\n\n<li><a href=\"https:\/\/www.stas.com\/en\/\" target=\"_blank\" rel=\"noreferrer noopener\">Soci\u00e9t\u00e9 des Technologies de l\u2019Aluminium du Saguenay Inc.<\/a> (STAS)<\/li>\n\n\n\n<li><a href=\"https:\/\/www.tekna.com\/\" target=\"_blank\" rel=\"noreferrer noopener\">Tekna Plasma Systems Inc<\/a>.<\/li>\n\n\n\n<li><a href=\"https:\/\/www.safran-group.com\/companies\/safran-helicopter-engines\" target=\"_blank\" rel=\"noreferrer noopener\">Turbomeca \u2013 Groupe Safran<\/a><\/li>\n\n\n\n<li><a href=\"https:\/\/www.global.weir\/\" target=\"_blank\" rel=\"noreferrer noopener\">Weir Canada Inc.<\/a><\/li>\n<\/ul>\n<\/div><\/div>\n\n\n\n<div class=\"wp-block-group\"><div class=\"wp-block-group__inner-container is-layout-constrained wp-block-group-is-layout-constrained\">\n<h2 class=\"wp-block-heading is-style-small-grey-text-mono\">Governmental<\/h2>\n\n\n\n<ul class=\"wp-block-list\">\n<li><a href=\"https:\/\/nrc.canada.ca\/en\" target=\"_blank\" rel=\"noreferrer noopener\">CNRC-NRC<\/a><\/li>\n\n\n\n<li><a href=\"https:\/\/www.innovation.ca\/\" target=\"_blank\" rel=\"noreferrer noopener\">Canada Foundation for Innovation<\/a> (CFI)<\/li>\n\n\n\n<li><a href=\"https:\/\/frq.gouv.qc.ca\/en\/\" target=\"_blank\" rel=\"noreferrer noopener\">Fonds de recherche du Qu\u00e9bec<\/a> &#8211; secteur Nature et technologies (FRQ)<\/li>\n\n\n\n<li><a href=\"https:\/\/www.quebec.ca\/en\/government\/ministere\/ministere-de-leconomie-et-de-linnovation\" target=\"_blank\" rel=\"noreferrer noopener\">Minist\u00e8re de l&#8217;\u00c9conomie, de l&#8217;Innovation et de l&#8217;\u00c9nergie<\/a><\/li>\n\n\n\n<li><a href=\"https:\/\/www.education.gouv.qc.ca\/en\/home\" target=\"_blank\" rel=\"noreferrer noopener\">Minist\u00e8re de l\u2019\u00c9ducation<\/a><\/li>\n\n\n\n<li><a href=\"https:\/\/www.nserc-crsng.gc.ca\/index_eng.asp\" target=\"_blank\" rel=\"noreferrer noopener\">Natural Sciences and Engineering Research Council of Canada<\/a> (NSERC)<\/li>\n<\/ul>\n<\/div><\/div>\n\n\n\n<div class=\"wp-block-group\"><div class=\"wp-block-group__inner-container is-layout-constrained wp-block-group-is-layout-constrained\">\n<h2 class=\"wp-block-heading is-style-small-grey-text-mono\">Other organizations<\/h2>\n\n\n\n<ul class=\"wp-block-list\">\n<li><a href=\"https:\/\/aluquebec.com\/en\/\" target=\"_blank\" rel=\"noreferrer noopener\">AluQu\u00e9bec<\/a><\/li>\n\n\n\n<li><a href=\"https:\/\/aluminium.ca\/en\/\" target=\"_blank\" rel=\"noreferrer noopener\">Aluminium Association of Canada<\/a> (AAC)<\/li>\n\n\n\n<li><a href=\"https:\/\/www.critm.ca\/en\/\" target=\"_blank\" rel=\"noreferrer noopener\">Consortium de recherche et d&#8217;innovation en transformation m\u00e9tallique<\/a> (CRITM)<\/li>\n\n\n\n<li><a href=\"https:\/\/cqrda.ca\/\" target=\"_blank\" rel=\"noreferrer noopener\">Centre qu\u00e9b\u00e9cois de recherche et de d\u00e9veloppement de l\u2019aluminium<\/a> (CQRDA)<\/li>\n\n\n\n<li><a href=\"https:\/\/www.criaq.aero\/en\/\" target=\"_blank\" rel=\"noreferrer noopener\">Consortium de recherche et d\u2019innovation en a\u00e9rospatiale du Qu\u00e9bec<\/a> (CRIAQ)<\/li>\n\n\n\n<li><a href=\"https:\/\/icsoba.org\/\" target=\"_blank\" rel=\"noreferrer noopener\">The International Committee for Study of Bauxite, Alumina &amp; Aluminium<\/a> (ICSOBA)<\/li>\n\n\n\n<li><a href=\"https:\/\/www.sintef.no\/en\/\" target=\"_blank\" rel=\"noreferrer noopener\">SINTEF<\/a><\/li>\n<\/ul>\n<\/div><\/div>\n","protected":false},"excerpt":{"rendered":"<p>UniversitIEs Private companies Governmental Other organizations<\/p>\n","protected":false},"author":1,"featured_media":0,"parent":0,"menu_order":0,"comment_status":"closed","ping_status":"closed","template":"","meta":{"_acf_changed":false,"inline_featured_image":false,"footnotes":""},"class_list":["post-3998","page","type-page","status-publish","hentry"],"acf":[],"yoast_head":"<!-- This site is optimized with the Yoast SEO plugin v27.1.1 - https:\/\/yoast.com\/product\/yoast-seo-wordpress\/ -->\n<title>External collaborations - REGAL<\/title>\n<meta name=\"description\" content=\"Discover our strategic collaborations with partners in the aluminum industry. Explore our synergies in research.\" \/>\n<meta name=\"robots\" content=\"index, follow, max-snippet:-1, max-image-preview:large, max-video-preview:-1\" \/>\n<link rel=\"canonical\" href=\"https:\/\/regal-aluminium.ca\/en\/collaborations\/\" \/>\n<meta property=\"og:locale\" content=\"en_US\" \/>\n<meta property=\"og:type\" content=\"article\" \/>\n<meta property=\"og:title\" content=\"External collaborations - REGAL\" \/>\n<meta property=\"og:description\" content=\"Discover our strategic collaborations with partners in the aluminum industry. Explore our synergies in research.\" \/>\n<meta property=\"og:url\" content=\"https:\/\/regal-aluminium.ca\/en\/collaborations\/\" \/>\n<meta property=\"og:site_name\" content=\"REGAL\" \/>\n<meta property=\"article:modified_time\" content=\"2024-09-11T14:57:54+00:00\" \/>\n<meta property=\"og:image\" content=\"https:\/\/regal-aluminium.ca\/wp-content\/uploads\/2024\/02\/og_regal.jpg\" \/>\n\t<meta property=\"og:image:width\" content=\"1200\" \/>\n\t<meta property=\"og:image:height\" content=\"628\" \/>\n\t<meta property=\"og:image:type\" content=\"image\/jpeg\" \/>\n<meta name=\"twitter:card\" content=\"summary_large_image\" \/>\n<meta name=\"twitter:label1\" content=\"Est. reading time\" \/>\n\t<meta name=\"twitter:data1\" content=\"2 minutes\" \/>\n<!-- \/ Yoast SEO plugin. -->","yoast_head_json":{"title":"External collaborations - REGAL","description":"Discover our strategic collaborations with partners in the aluminum industry. Explore our synergies in research.","robots":{"index":"index","follow":"follow","max-snippet":"max-snippet:-1","max-image-preview":"max-image-preview:large","max-video-preview":"max-video-preview:-1"},"canonical":"https:\/\/regal-aluminium.ca\/en\/collaborations\/","og_locale":"en_US","og_type":"article","og_title":"External collaborations - REGAL","og_description":"Discover our strategic collaborations with partners in the aluminum industry. Explore our synergies in research.","og_url":"https:\/\/regal-aluminium.ca\/en\/collaborations\/","og_site_name":"REGAL","article_modified_time":"2024-09-11T14:57:54+00:00","og_image":[{"width":1200,"height":628,"url":"https:\/\/regal-aluminium.ca\/wp-content\/uploads\/2024\/02\/og_regal.jpg","type":"image\/jpeg"}],"twitter_card":"summary_large_image","twitter_misc":{"Est. reading time":"2 minutes"},"schema":{"@context":"https:\/\/schema.org","@graph":[{"@type":"WebPage","@id":"https:\/\/regal-aluminium.ca\/en\/collaborations\/","url":"https:\/\/regal-aluminium.ca\/en\/collaborations\/","name":"External collaborations - REGAL","isPartOf":{"@id":"https:\/\/regal-aluminium.ca\/en\/#website"},"datePublished":"2024-02-07T18:42:39+00:00","dateModified":"2024-09-11T14:57:54+00:00","description":"Discover our strategic collaborations with partners in the aluminum industry. Explore our synergies in research.","breadcrumb":{"@id":"https:\/\/regal-aluminium.ca\/en\/collaborations\/#breadcrumb"},"inLanguage":"en-US","potentialAction":[{"@type":"ReadAction","target":["https:\/\/regal-aluminium.ca\/en\/collaborations\/"]}]},{"@type":"BreadcrumbList","@id":"https:\/\/regal-aluminium.ca\/en\/collaborations\/#breadcrumb","itemListElement":[{"@type":"ListItem","position":1,"name":"Accueil","item":"https:\/\/regal-aluminium.ca\/en\/"},{"@type":"ListItem","position":2,"name":"External collaborations"}]},{"@type":"WebSite","@id":"https:\/\/regal-aluminium.ca\/en\/#website","url":"https:\/\/regal-aluminium.ca\/en\/","name":"REGAL","description":"","publisher":{"@id":"https:\/\/regal-aluminium.ca\/en\/#organization"},"potentialAction":[{"@type":"SearchAction","target":{"@type":"EntryPoint","urlTemplate":"https:\/\/regal-aluminium.ca\/en\/?s={search_term_string}"},"query-input":{"@type":"PropertyValueSpecification","valueRequired":true,"valueName":"search_term_string"}}],"inLanguage":"en-US"},{"@type":"Organization","@id":"https:\/\/regal-aluminium.ca\/en\/#organization","name":"REGAL","url":"https:\/\/regal-aluminium.ca\/en\/","logo":{"@type":"ImageObject","inLanguage":"en-US","@id":"https:\/\/regal-aluminium.ca\/en\/#\/schema\/logo\/image\/","url":"https:\/\/regal-aluminium.ca\/wp-content\/uploads\/2024\/02\/og_regal.jpg","contentUrl":"https:\/\/regal-aluminium.ca\/wp-content\/uploads\/2024\/02\/og_regal.jpg","width":1200,"height":628,"caption":"REGAL"},"image":{"@id":"https:\/\/regal-aluminium.ca\/en\/#\/schema\/logo\/image\/"}}]}},"_links":{"self":[{"href":"https:\/\/regal-aluminium.ca\/en\/wp-json\/wp\/v2\/pages\/3998","targetHints":{"allow":["GET"]}}],"collection":[{"href":"https:\/\/regal-aluminium.ca\/en\/wp-json\/wp\/v2\/pages"}],"about":[{"href":"https:\/\/regal-aluminium.ca\/en\/wp-json\/wp\/v2\/types\/page"}],"author":[{"embeddable":true,"href":"https:\/\/regal-aluminium.ca\/en\/wp-json\/wp\/v2\/users\/1"}],"replies":[{"embeddable":true,"href":"https:\/\/regal-aluminium.ca\/en\/wp-json\/wp\/v2\/comments?post=3998"}],"version-history":[{"count":2,"href":"https:\/\/regal-aluminium.ca\/en\/wp-json\/wp\/v2\/pages\/3998\/revisions"}],"predecessor-version":[{"id":4409,"href":"https:\/\/regal-aluminium.ca\/en\/wp-json\/wp\/v2\/pages\/3998\/revisions\/4409"}],"wp:attachment":[{"href":"https:\/\/regal-aluminium.ca\/en\/wp-json\/wp\/v2\/media?parent=3998"}],"curies":[{"name":"wp","href":"https:\/\/api.w.org\/{rel}","templated":true}]}}